{"id":757,"date":"2022-08-02T17:55:14","date_gmt":"2022-08-02T15:55:14","guid":{"rendered":"https:\/\/web.hotelmediaservice.com\/tuxerhof\/?page_id=757"},"modified":"2022-09-17T09:36:27","modified_gmt":"2022-09-17T07:36:27","slug":"weinkarte","status":"publish","type":"page","link":"https:\/\/web.hotelmediaservice.com\/tuxerhof\/weinkarte\/","title":{"rendered":"Kulinarik Weinkarte"},"content":{"rendered":"\t\t<div data-elementor-type=\"wp-page\" data-elementor-id=\"757\" class=\"elementor elementor-757\">\n\t\t\t\t\t\t\t\t\t<section class=\"elementor-section elementor-top-section elementor-element elementor-element-1790e3d elementor-section-boxed elementor-section-height-default elementor-section-height-default\" data-id=\"1790e3d\" data-element_type=\"section\">\n\t\t\t\t\t\t<div class=\"elementor-container elementor-column-gap-default\">\n\t\t\t\t\t<div class=\"elementor-column elementor-col-50 elementor-top-column elementor-element elementor-element-5c5fccf\" data-id=\"5c5fccf\" data-element_type=\"column\">\n\t\t\t<div class=\"elementor-widget-wrap elementor-element-populated\">\n\t\t\t\t\t\t\t\t<div class=\"elementor-element elementor-element-04126c9 elementor-align-left elementor-widget elementor-widget-button\" data-id=\"04126c9\" data-element_type=\"widget\" data-widget_type=\"button.default\">\n\t\t\t\t<div class=\"elementor-widget-container\">\n\t\t\t\t\t<div class=\"elementor-button-wrapper\">\n\t\t\t<a href=\"\/tuxerhof\/kulinarik-main\/\" class=\"elementor-button-link elementor-button elementor-size-md\" role=\"button\">\n\t\t\t\t\t\t<span class=\"elementor-button-content-wrapper\">\n\t\t\t\t\t\t\t<span class=\"elementor-button-icon elementor-align-icon-left\">\n\t\t\t\t<i aria-hidden=\"true\" class=\"far fa-caret-square-left\"><\/i>\t\t\t<\/span>\n\t\t\t\t\t\t<span class=\"elementor-button-text\"><\/span>\n\t\t<\/span>\n\t\t\t\t\t<\/a>\n\t\t<\/div>\n\t\t\t\t<\/div>\n\t\t\t\t<\/div>\n\t\t\t\t\t<\/div>\n\t\t<\/div>\n\t\t\t\t<div class=\"elementor-column elementor-col-50 elementor-top-column elementor-element elementor-element-1203a09\" data-id=\"1203a09\" data-element_type=\"column\">\n\t\t\t<div class=\"elementor-widget-wrap elementor-element-populated\">\n\t\t\t\t\t\t\t\t<div class=\"elementor-element elementor-element-3ed6785 elementor-widget elementor-widget-heading\" data-id=\"3ed6785\" data-element_type=\"widget\" data-widget_type=\"heading.default\">\n\t\t\t\t<div class=\"elementor-widget-container\">\n\t\t\t<style>\/*! elementor - v3.6.7 - 03-07-2022 *\/\n.elementor-heading-title{padding:0;margin:0;line-height:1}.elementor-widget-heading .elementor-heading-title[class*=elementor-size-]>a{color:inherit;font-size:inherit;line-height:inherit}.elementor-widget-heading .elementor-heading-title.elementor-size-small{font-size:15px}.elementor-widget-heading .elementor-heading-title.elementor-size-medium{font-size:19px}.elementor-widget-heading .elementor-heading-title.elementor-size-large{font-size:29px}.elementor-widget-heading .elementor-heading-title.elementor-size-xl{font-size:39px}.elementor-widget-heading .elementor-heading-title.elementor-size-xxl{font-size:59px}<\/style><h2 class=\"elementor-heading-title elementor-size-large\">Tuxerhof Weinkarte<\/h2>\t\t<\/div>\n\t\t\t\t<\/div>\n\t\t\t\t\t<\/div>\n\t\t<\/div>\n\t\t\t\t\t\t\t<\/div>\n\t\t<\/section>\n\t\t\t\t<section class=\"elementor-section elementor-top-section elementor-element elementor-element-14b6360 elementor-section-boxed elementor-section-height-default elementor-section-height-default\" data-id=\"14b6360\" data-element_type=\"section\">\n\t\t\t\t\t\t<div class=\"elementor-container elementor-column-gap-default\">\n\t\t\t\t\t<div class=\"elementor-column elementor-col-100 elementor-top-column elementor-element elementor-element-b4d8103\" data-id=\"b4d8103\" data-element_type=\"column\">\n\t\t\t<div class=\"elementor-widget-wrap elementor-element-populated\">\n\t\t\t\t\t\t\t\t<div class=\"elementor-element elementor-element-dc8184c elementor-widget elementor-widget-text-editor\" data-id=\"dc8184c\" data-element_type=\"widget\" data-widget_type=\"text-editor.default\">\n\t\t\t\t<div class=\"elementor-widget-container\">\n\t\t\t<style>\/*! elementor - v3.6.7 - 03-07-2022 *\/\n.elementor-widget-text-editor.elementor-drop-cap-view-stacked .elementor-drop-cap{background-color:#818a91;color:#fff}.elementor-widget-text-editor.elementor-drop-cap-view-framed .elementor-drop-cap{color:#818a91;border:3px solid;background-color:transparent}.elementor-widget-text-editor:not(.elementor-drop-cap-view-default) .elementor-drop-cap{margin-top:8px}.elementor-widget-text-editor:not(.elementor-drop-cap-view-default) .elementor-drop-cap-letter{width:1em;height:1em}.elementor-widget-text-editor .elementor-drop-cap{float:left;text-align:center;line-height:1;font-size:50px}.elementor-widget-text-editor .elementor-drop-cap-letter{display:inline-block}<\/style>\t\t\t\t<p style=\"text-align: center;\"><span style=\"color: #333333;\"><b>Unsere Vinothek &#8211; wo die edlen Tropfen wohnen!<\/b><\/span><br \/><br \/><span style=\"color: #333333;\">Ob Sie Weinliebhaber sind, oder nicht \u2013 an der architektonisch stilvollen Vinothek im Tuxerhof bleibt jeder Blick kurz h\u00e4ngen. Elegant gl\u00e4nzen einem die edlen Flaschen durch die Glasw\u00e4nde des Kubus entgegen. Wie selbstverst\u00e4ndlich steht er da, dockt unweit der Rezeption ans Foyer an \u2013 ein \u201eWeinkeller\u201d der modernen Art. Einladend und repr\u00e4sentativ werden hier die wertvollen Weine in optimal temperiertem Klima gelagert.<\/span><br \/><br \/><span style=\"color: #333333;\">Wer neugierig auf die exzellente Wein-Diversit\u00e4t im Tuxerhof ist, plant am besten eine Verkostung ein.<\/span><\/p>\t\t\t\t\t\t<\/div>\n\t\t\t\t<\/div>\n\t\t\t\t<div class=\"elementor-element elementor-element-33ff75e elementor-align-center elementor-widget elementor-widget-button\" data-id=\"33ff75e\" data-element_type=\"widget\" data-widget_type=\"button.default\">\n\t\t\t\t<div class=\"elementor-widget-container\">\n\t\t\t\t\t<div class=\"elementor-button-wrapper\">\n\t\t\t<a href=\"https:\/\/app.winepad.at\/de\/public\/hotel-alpin-spa-tuxerhof\" class=\"elementor-button-link elementor-button elementor-size-sm\" role=\"button\">\n\t\t\t\t\t\t<span class=\"elementor-button-content-wrapper\">\n\t\t\t\t\t\t<span class=\"elementor-button-text\">Hier gehts zu unserer digitalen Weinkarte<\/span>\n\t\t<\/span>\n\t\t\t\t\t<\/a>\n\t\t<\/div>\n\t\t\t\t<\/div>\n\t\t\t\t<\/div>\n\t\t\t\t\t<\/div>\n\t\t<\/div>\n\t\t\t\t\t\t\t<\/div>\n\t\t<\/section>\n\t\t\t\t\t\t\t<\/div>\n\t\t","protected":false},"excerpt":{"rendered":"<p>Tuxerhof Weinkarte Unsere Vinothek &#8211; wo die edlen Tropfen wohnen! Ob Sie Weinliebhaber sind, oder nicht \u2013 an der architektonisch stilvollen Vinothek im Tuxerhof bleibt jeder Blick kurz h\u00e4ngen. Elegant gl\u00e4nzen einem die edlen Flaschen durch die Glasw\u00e4nde des Kubus entgegen. Wie selbstverst\u00e4ndlich steht er da, dockt unweit der Rezeption ans Foyer an \u2013 ein [&hellip;]<\/p>\n","protected":false},"author":3,"featured_media":0,"parent":0,"menu_order":0,"comment_status":"closed","ping_status":"closed","template":"","meta":{"inline_featured_image":false},"_links":{"self":[{"href":"https:\/\/web.hotelmediaservice.com\/tuxerhof\/wp-json\/wp\/v2\/pages\/757"}],"collection":[{"href":"https:\/\/web.hotelmediaservice.com\/tuxerhof\/wp-json\/wp\/v2\/pages"}],"about":[{"href":"https:\/\/web.hotelmediaservice.com\/tuxerhof\/wp-json\/wp\/v2\/types\/page"}],"author":[{"embeddable":true,"href":"https:\/\/web.hotelmediaservice.com\/tuxerhof\/wp-json\/wp\/v2\/users\/3"}],"replies":[{"embeddable":true,"href":"https:\/\/web.hotelmediaservice.com\/tuxerhof\/wp-json\/wp\/v2\/comments?post=757"}],"version-history":[{"count":23,"href":"https:\/\/web.hotelmediaservice.com\/tuxerhof\/wp-json\/wp\/v2\/pages\/757\/revisions"}],"predecessor-version":[{"id":2234,"href":"https:\/\/web.hotelmediaservice.com\/tuxerhof\/wp-json\/wp\/v2\/pages\/757\/revisions\/2234"}],"wp:attachment":[{"href":"https:\/\/web.hotelmediaservice.com\/tuxerhof\/wp-json\/wp\/v2\/media?parent=757"}],"curies":[{"name":"wp","href":"https:\/\/api.w.org\/{rel}","templated":true}]}}