{"id":450,"date":"2022-07-28T22:09:08","date_gmt":"2022-07-28T20:09:08","guid":{"rendered":"https:\/\/web.hotelmediaservice.com\/tuxerhof\/?page_id=450"},"modified":"2022-09-17T21:33:47","modified_gmt":"2022-09-17T19:33:47","slug":"kulinarik-main","status":"publish","type":"page","link":"https:\/\/web.hotelmediaservice.com\/tuxerhof\/kulinarik-main\/","title":{"rendered":"Kulinarik-Tiles"},"content":{"rendered":"\t\t<div data-elementor-type=\"wp-post\" data-elementor-id=\"450\" class=\"elementor elementor-450\">\n\t\t\t\t\t\t\t\t\t<section class=\"elementor-section elementor-top-section elementor-element elementor-element-6aa9e6e elementor-section-boxed elementor-section-height-default elementor-section-height-default\" data-id=\"6aa9e6e\" data-element_type=\"section\">\n\t\t\t\t\t\t<div class=\"elementor-container elementor-column-gap-default\">\n\t\t\t\t\t<div class=\"elementor-column elementor-col-50 elementor-top-column elementor-element elementor-element-d9d0787\" data-id=\"d9d0787\" data-element_type=\"column\">\n\t\t\t<div class=\"elementor-widget-wrap elementor-element-populated\">\n\t\t\t\t\t\t\t\t<div class=\"elementor-element elementor-element-544756c elementor-align-left elementor-widget elementor-widget-button\" data-id=\"544756c\" data-element_type=\"widget\" data-widget_type=\"button.default\">\n\t\t\t\t<div class=\"elementor-widget-container\">\n\t\t\t\t\t<div class=\"elementor-button-wrapper\">\n\t\t\t<a href=\"https:\/\/web.hotelmediaservice.com\/tuxerhof\/\" class=\"elementor-button-link elementor-button elementor-size-md\" role=\"button\">\n\t\t\t\t\t\t<span class=\"elementor-button-content-wrapper\">\n\t\t\t\t\t\t\t<span class=\"elementor-button-icon elementor-align-icon-left\">\n\t\t\t\t<i aria-hidden=\"true\" class=\"far fa-caret-square-left\"><\/i>\t\t\t<\/span>\n\t\t\t\t\t\t<span class=\"elementor-button-text\"><\/span>\n\t\t<\/span>\n\t\t\t\t\t<\/a>\n\t\t<\/div>\n\t\t\t\t<\/div>\n\t\t\t\t<\/div>\n\t\t\t\t\t<\/div>\n\t\t<\/div>\n\t\t\t\t<div class=\"elementor-column elementor-col-50 elementor-top-column elementor-element elementor-element-9b1544f\" data-id=\"9b1544f\" data-element_type=\"column\">\n\t\t\t<div class=\"elementor-widget-wrap elementor-element-populated\">\n\t\t\t\t\t\t\t\t<div class=\"elementor-element elementor-element-8ba41c6 elementor-widget elementor-widget-heading\" data-id=\"8ba41c6\" data-element_type=\"widget\" data-widget_type=\"heading.default\">\n\t\t\t\t<div class=\"elementor-widget-container\">\n\t\t\t<style>\/*! elementor - v3.6.7 - 03-07-2022 *\/\n.elementor-heading-title{padding:0;margin:0;line-height:1}.elementor-widget-heading .elementor-heading-title[class*=elementor-size-]>a{color:inherit;font-size:inherit;line-height:inherit}.elementor-widget-heading .elementor-heading-title.elementor-size-small{font-size:15px}.elementor-widget-heading .elementor-heading-title.elementor-size-medium{font-size:19px}.elementor-widget-heading .elementor-heading-title.elementor-size-large{font-size:29px}.elementor-widget-heading .elementor-heading-title.elementor-size-xl{font-size:39px}.elementor-widget-heading .elementor-heading-title.elementor-size-xxl{font-size:59px}<\/style><h2 class=\"elementor-heading-title elementor-size-large\">Kulinarik im Tuxerhof<\/h2>\t\t<\/div>\n\t\t\t\t<\/div>\n\t\t\t\t\t<\/div>\n\t\t<\/div>\n\t\t\t\t\t\t\t<\/div>\n\t\t<\/section>\n\t\t\t\t<section class=\"elementor-section elementor-top-section elementor-element elementor-element-e4bda1a tile elementor-section-boxed elementor-section-height-default elementor-section-height-default\" data-id=\"e4bda1a\" data-element_type=\"section\">\n\t\t\t\t\t\t<div class=\"elementor-container elementor-column-gap-default\">\n\t\t\t\t\t<div class=\"make-column-clickable-elementor elementor-column elementor-col-16 elementor-top-column elementor-element elementor-element-9614bb0\" style=\"cursor: pointer;\" data-column-clickable=\"\/tuxerhof\/oeffnungszeiten_restaurant\" data-column-clickable-blank=\"_self\" data-id=\"9614bb0\" data-element_type=\"column\" data-settings=\"{&quot;background_background&quot;:&quot;slideshow&quot;,&quot;background_slideshow_gallery&quot;:[{&quot;id&quot;:976,&quot;url&quot;:&quot;https:\\\/\\\/web.hotelmediaservice.com\\\/tuxerhof\\\/wp-content\\\/uploads\\\/sites\\\/13\\\/2022\\\/09\\\/O\\u0308ffnungszeiten-Restaurant.jpg&quot;}],&quot;background_slideshow_slide_duration&quot;:5000,&quot;background_slideshow_slide_transition&quot;:&quot;fade&quot;,&quot;background_slideshow_transition_duration&quot;:500}\">\n\t\t\t<div class=\"elementor-widget-wrap elementor-element-populated\">\n\t\t\t\t\t\t\t\t<div class=\"elementor-element elementor-element-df05b6c elementor-align-justify elementor-absolute elementor-widget elementor-widget-button\" data-id=\"df05b6c\" data-element_type=\"widget\" data-settings=\"{&quot;_position&quot;:&quot;absolute&quot;}\" data-widget_type=\"button.default\">\n\t\t\t\t<div class=\"elementor-widget-container\">\n\t\t\t\t\t<div class=\"elementor-button-wrapper\">\n\t\t\t<a href=\"\/tuxerhof\/oeffnungszeiten_restaurant\" class=\"elementor-button-link elementor-button elementor-size-md\" role=\"button\">\n\t\t\t\t\t\t<span class=\"elementor-button-content-wrapper\">\n\t\t\t\t\t\t<span class=\"elementor-button-text\">\u00d6ffnungszeiten Restaurant<\/span>\n\t\t<\/span>\n\t\t\t\t\t<\/a>\n\t\t<\/div>\n\t\t\t\t<\/div>\n\t\t\t\t<\/div>\n\t\t\t\t\t<\/div>\n\t\t<\/div>\n\t\t\t\t<div class=\"make-column-clickable-elementor elementor-column elementor-col-16 elementor-top-column elementor-element elementor-element-bead48a\" style=\"cursor: pointer;\" data-column-clickable=\"\/tuxerhof\/gourmetabendmenue\" data-column-clickable-blank=\"_self\" data-id=\"bead48a\" data-element_type=\"column\" data-settings=\"{&quot;background_background&quot;:&quot;slideshow&quot;,&quot;background_slideshow_gallery&quot;:[{&quot;id&quot;:980,&quot;url&quot;:&quot;https:\\\/\\\/web.hotelmediaservice.com\\\/tuxerhof\\\/wp-content\\\/uploads\\\/sites\\\/13\\\/2022\\\/09\\\/Gourmetmenu\\u03081.jpg&quot;}],&quot;background_slideshow_slide_duration&quot;:5000,&quot;background_slideshow_slide_transition&quot;:&quot;fade&quot;,&quot;background_slideshow_transition_duration&quot;:500}\">\n\t\t\t<div class=\"elementor-widget-wrap elementor-element-populated\">\n\t\t\t\t\t\t\t\t<div class=\"elementor-element elementor-element-6cdff03 elementor-align-justify elementor-absolute elementor-widget elementor-widget-button\" data-id=\"6cdff03\" data-element_type=\"widget\" data-settings=\"{&quot;_position&quot;:&quot;absolute&quot;}\" data-widget_type=\"button.default\">\n\t\t\t\t<div class=\"elementor-widget-container\">\n\t\t\t\t\t<div class=\"elementor-button-wrapper\">\n\t\t\t<a href=\"\/tuxerhof\/gourmetabendmenue\" class=\"elementor-button-link elementor-button elementor-size-md\" role=\"button\">\n\t\t\t\t\t\t<span class=\"elementor-button-content-wrapper\">\n\t\t\t\t\t\t<span class=\"elementor-button-text\">Gourmet Abendmen\u00fc<\/span>\n\t\t<\/span>\n\t\t\t\t\t<\/a>\n\t\t<\/div>\n\t\t\t\t<\/div>\n\t\t\t\t<\/div>\n\t\t\t\t\t<\/div>\n\t\t<\/div>\n\t\t\t\t<div class=\"make-column-clickable-elementor elementor-column elementor-col-16 elementor-top-column elementor-element elementor-element-e7385c8\" style=\"cursor: pointer;\" data-column-clickable=\"\/tuxerhof\/nachmittagsgenussmarkt\" data-column-clickable-blank=\"_self\" data-id=\"e7385c8\" data-element_type=\"column\" data-settings=\"{&quot;background_background&quot;:&quot;slideshow&quot;,&quot;background_slideshow_gallery&quot;:[{&quot;id&quot;:982,&quot;url&quot;:&quot;https:\\\/\\\/web.hotelmediaservice.com\\\/tuxerhof\\\/wp-content\\\/uploads\\\/sites\\\/13\\\/2022\\\/09\\\/Gourmetmenu\\u03083.jpg&quot;}],&quot;background_slideshow_slide_duration&quot;:5000,&quot;background_slideshow_slide_transition&quot;:&quot;fade&quot;,&quot;background_slideshow_transition_duration&quot;:500}\">\n\t\t\t<div class=\"elementor-widget-wrap elementor-element-populated\">\n\t\t\t\t\t\t\t\t<div class=\"elementor-element elementor-element-c92011f elementor-align-justify elementor-absolute elementor-widget elementor-widget-button\" data-id=\"c92011f\" data-element_type=\"widget\" data-settings=\"{&quot;_position&quot;:&quot;absolute&quot;}\" data-widget_type=\"button.default\">\n\t\t\t\t<div class=\"elementor-widget-container\">\n\t\t\t\t\t<div class=\"elementor-button-wrapper\">\n\t\t\t<a href=\"\/tuxerhof\/nachmittagsgenussmarkt\" class=\"elementor-button-link elementor-button elementor-size-md\" role=\"button\">\n\t\t\t\t\t\t<span class=\"elementor-button-content-wrapper\">\n\t\t\t\t\t\t<span class=\"elementor-button-text\">Nachmittags im Genussmarkt<\/span>\n\t\t<\/span>\n\t\t\t\t\t<\/a>\n\t\t<\/div>\n\t\t\t\t<\/div>\n\t\t\t\t<\/div>\n\t\t\t\t\t<\/div>\n\t\t<\/div>\n\t\t\t\t<div class=\"make-column-clickable-elementor elementor-column elementor-col-16 elementor-top-column elementor-element elementor-element-6607d0a\" style=\"cursor: pointer;\" data-column-clickable=\"\/tuxerhof\/weinkarte\" data-column-clickable-blank=\"_self\" data-id=\"6607d0a\" data-element_type=\"column\" data-settings=\"{&quot;background_background&quot;:&quot;slideshow&quot;,&quot;background_slideshow_gallery&quot;:[{&quot;id&quot;:989,&quot;url&quot;:&quot;https:\\\/\\\/web.hotelmediaservice.com\\\/tuxerhof\\\/wp-content\\\/uploads\\\/sites\\\/13\\\/2022\\\/09\\\/Weinkarte.jpg&quot;}],&quot;background_slideshow_slide_duration&quot;:5000,&quot;background_slideshow_slide_transition&quot;:&quot;fade&quot;,&quot;background_slideshow_transition_duration&quot;:500}\">\n\t\t\t<div class=\"elementor-widget-wrap elementor-element-populated\">\n\t\t\t\t\t\t\t\t<div class=\"elementor-element elementor-element-74a59fd elementor-align-justify elementor-absolute elementor-widget elementor-widget-button\" data-id=\"74a59fd\" data-element_type=\"widget\" data-settings=\"{&quot;_position&quot;:&quot;absolute&quot;}\" data-widget_type=\"button.default\">\n\t\t\t\t<div class=\"elementor-widget-container\">\n\t\t\t\t\t<div class=\"elementor-button-wrapper\">\n\t\t\t<a href=\"\/tuxerhof\/weinkarte\" class=\"elementor-button-link elementor-button elementor-size-md\" role=\"button\">\n\t\t\t\t\t\t<span class=\"elementor-button-content-wrapper\">\n\t\t\t\t\t\t<span class=\"elementor-button-text\">Weinkarte<\/span>\n\t\t<\/span>\n\t\t\t\t\t<\/a>\n\t\t<\/div>\n\t\t\t\t<\/div>\n\t\t\t\t<\/div>\n\t\t\t\t\t<\/div>\n\t\t<\/div>\n\t\t\t\t<div class=\"make-column-clickable-elementor elementor-column elementor-col-16 elementor-top-column elementor-element elementor-element-163e58b\" style=\"cursor: pointer;\" data-column-clickable=\"\/tuxerhof\/fruehstuecksbuffet\" data-column-clickable-blank=\"_self\" data-id=\"163e58b\" data-element_type=\"column\" data-settings=\"{&quot;background_background&quot;:&quot;slideshow&quot;,&quot;background_slideshow_gallery&quot;:[{&quot;id&quot;:1037,&quot;url&quot;:&quot;https:\\\/\\\/web.hotelmediaservice.com\\\/tuxerhof\\\/wp-content\\\/uploads\\\/sites\\\/13\\\/2022\\\/09\\\/Fru\\u0308hstu\\u0308ck1.jpg&quot;},{&quot;id&quot;:1038,&quot;url&quot;:&quot;https:\\\/\\\/web.hotelmediaservice.com\\\/tuxerhof\\\/wp-content\\\/uploads\\\/sites\\\/13\\\/2022\\\/09\\\/Fru\\u0308hstu\\u0308ck2.jpg&quot;},{&quot;id&quot;:1039,&quot;url&quot;:&quot;https:\\\/\\\/web.hotelmediaservice.com\\\/tuxerhof\\\/wp-content\\\/uploads\\\/sites\\\/13\\\/2022\\\/09\\\/Fru\\u0308hstu\\u0308ck3.jpg&quot;}],&quot;background_slideshow_slide_duration&quot;:5000,&quot;background_slideshow_slide_transition&quot;:&quot;fade&quot;,&quot;background_slideshow_transition_duration&quot;:500}\">\n\t\t\t<div class=\"elementor-widget-wrap elementor-element-populated\">\n\t\t\t\t\t\t\t\t<div class=\"elementor-element elementor-element-c438775 elementor-align-justify elementor-absolute elementor-widget elementor-widget-button\" data-id=\"c438775\" data-element_type=\"widget\" data-settings=\"{&quot;_position&quot;:&quot;absolute&quot;}\" data-widget_type=\"button.default\">\n\t\t\t\t<div class=\"elementor-widget-container\">\n\t\t\t\t\t<div class=\"elementor-button-wrapper\">\n\t\t\t<a href=\"\/tuxerhof\/fruehstuecksbuffet\" class=\"elementor-button-link elementor-button elementor-size-md\" role=\"button\">\n\t\t\t\t\t\t<span class=\"elementor-button-content-wrapper\">\n\t\t\t\t\t\t<span class=\"elementor-button-text\">Fr\u00fchst\u00fccksbuffet<\/span>\n\t\t<\/span>\n\t\t\t\t\t<\/a>\n\t\t<\/div>\n\t\t\t\t<\/div>\n\t\t\t\t<\/div>\n\t\t\t\t\t<\/div>\n\t\t<\/div>\n\t\t\t\t<div class=\"make-column-clickable-elementor elementor-column elementor-col-16 elementor-top-column elementor-element elementor-element-1173baa\" style=\"cursor: pointer;\" data-column-clickable=\"\/tuxerhof\/kindermenue\" data-column-clickable-blank=\"_self\" data-id=\"1173baa\" data-element_type=\"column\" data-settings=\"{&quot;background_background&quot;:&quot;slideshow&quot;,&quot;background_slideshow_gallery&quot;:[{&quot;id&quot;:1040,&quot;url&quot;:&quot;https:\\\/\\\/web.hotelmediaservice.com\\\/tuxerhof\\\/wp-content\\\/uploads\\\/sites\\\/13\\\/2022\\\/09\\\/Kindermenu\\u0308.jpg&quot;}],&quot;background_slideshow_slide_duration&quot;:5000,&quot;background_slideshow_slide_transition&quot;:&quot;fade&quot;,&quot;background_slideshow_transition_duration&quot;:500}\">\n\t\t\t<div class=\"elementor-widget-wrap elementor-element-populated\">\n\t\t\t\t\t\t\t\t<div class=\"elementor-element elementor-element-3068871 elementor-align-justify elementor-absolute elementor-widget elementor-widget-button\" data-id=\"3068871\" data-element_type=\"widget\" data-settings=\"{&quot;_position&quot;:&quot;absolute&quot;}\" data-widget_type=\"button.default\">\n\t\t\t\t<div class=\"elementor-widget-container\">\n\t\t\t\t\t<div class=\"elementor-button-wrapper\">\n\t\t\t<a href=\"\/tuxerhof\/kindermenue\" class=\"elementor-button-link elementor-button elementor-size-md\" role=\"button\">\n\t\t\t\t\t\t<span class=\"elementor-button-content-wrapper\">\n\t\t\t\t\t\t<span class=\"elementor-button-text\">Kindermen\u00fc<\/span>\n\t\t<\/span>\n\t\t\t\t\t<\/a>\n\t\t<\/div>\n\t\t\t\t<\/div>\n\t\t\t\t<\/div>\n\t\t\t\t\t<\/div>\n\t\t<\/div>\n\t\t\t\t\t\t\t<\/div>\n\t\t<\/section>\n\t\t\t\t\t\t\t<\/div>\n\t\t","protected":false},"excerpt":{"rendered":"<p>Kulinarik im Tuxerhof \u00d6ffnungszeiten Restaurant Gourmet Abendmen\u00fc Nachmittags im Genussmarkt Weinkarte Fr\u00fchst\u00fccksbuffet Kindermen\u00fc<\/p>\n","protected":false},"author":3,"featured_media":0,"parent":0,"menu_order":0,"comment_status":"closed","ping_status":"closed","template":"","meta":{"inline_featured_image":false},"_links":{"self":[{"href":"https:\/\/web.hotelmediaservice.com\/tuxerhof\/wp-json\/wp\/v2\/pages\/450"}],"collection":[{"href":"https:\/\/web.hotelmediaservice.com\/tuxerhof\/wp-json\/wp\/v2\/pages"}],"about":[{"href":"https:\/\/web.hotelmediaservice.com\/tuxerhof\/wp-json\/wp\/v2\/types\/page"}],"author":[{"embeddable":true,"href":"https:\/\/web.hotelmediaservice.com\/tuxerhof\/wp-json\/wp\/v2\/users\/3"}],"replies":[{"embeddable":true,"href":"https:\/\/web.hotelmediaservice.com\/tuxerhof\/wp-json\/wp\/v2\/comments?post=450"}],"version-history":[{"count":123,"href":"https:\/\/web.hotelmediaservice.com\/tuxerhof\/wp-json\/wp\/v2\/pages\/450\/revisions"}],"predecessor-version":[{"id":2282,"href":"https:\/\/web.hotelmediaservice.com\/tuxerhof\/wp-json\/wp\/v2\/pages\/450\/revisions\/2282"}],"wp:attachment":[{"href":"https:\/\/web.hotelmediaservice.com\/tuxerhof\/wp-json\/wp\/v2\/media?parent=450"}],"curies":[{"name":"wp","href":"https:\/\/api.w.org\/{rel}","templated":true}]}}