{"id":1470,"date":"2022-09-09T10:03:01","date_gmt":"2022-09-09T08:03:01","guid":{"rendered":"https:\/\/web.hotelmediaservice.com\/tuxerhof\/?page_id=1470"},"modified":"2022-09-23T22:01:54","modified_gmt":"2022-09-23T20:01:54","slug":"wellness_tiles","status":"publish","type":"page","link":"https:\/\/web.hotelmediaservice.com\/tuxerhof\/wellness_tiles\/","title":{"rendered":"Wellness Tiles"},"content":{"rendered":"\t\t<div data-elementor-type=\"wp-post\" data-elementor-id=\"1470\" class=\"elementor elementor-1470\">\n\t\t\t\t\t\t\t\t\t<section class=\"elementor-section elementor-top-section elementor-element elementor-element-7a126dd elementor-section-boxed elementor-section-height-default elementor-section-height-default\" data-id=\"7a126dd\" data-element_type=\"section\">\n\t\t\t\t\t\t<div class=\"elementor-container elementor-column-gap-default\">\n\t\t\t\t\t<div class=\"elementor-column elementor-col-50 elementor-top-column elementor-element elementor-element-5170a6b\" data-id=\"5170a6b\" data-element_type=\"column\">\n\t\t\t<div class=\"elementor-widget-wrap elementor-element-populated\">\n\t\t\t\t\t\t\t\t<div class=\"elementor-element elementor-element-c48797d elementor-align-left elementor-widget elementor-widget-button\" data-id=\"c48797d\" data-element_type=\"widget\" data-widget_type=\"button.default\">\n\t\t\t\t<div class=\"elementor-widget-container\">\n\t\t\t\t\t<div class=\"elementor-button-wrapper\">\n\t\t\t<a href=\"https:\/\/web.hotelmediaservice.com\/tuxerhof\/en\/main-en\/\" class=\"elementor-button-link elementor-button elementor-size-md\" role=\"button\">\n\t\t\t\t\t\t<span class=\"elementor-button-content-wrapper\">\n\t\t\t\t\t\t\t<span class=\"elementor-button-icon elementor-align-icon-left\">\n\t\t\t\t<i aria-hidden=\"true\" class=\"far fa-caret-square-left\"><\/i>\t\t\t<\/span>\n\t\t\t\t\t\t<span class=\"elementor-button-text\"><\/span>\n\t\t<\/span>\n\t\t\t\t\t<\/a>\n\t\t<\/div>\n\t\t\t\t<\/div>\n\t\t\t\t<\/div>\n\t\t\t\t\t<\/div>\n\t\t<\/div>\n\t\t\t\t<div class=\"elementor-column elementor-col-50 elementor-top-column elementor-element elementor-element-4288b9a\" data-id=\"4288b9a\" data-element_type=\"column\">\n\t\t\t<div class=\"elementor-widget-wrap elementor-element-populated\">\n\t\t\t\t\t\t\t\t<div class=\"elementor-element elementor-element-e71a68c elementor-widget elementor-widget-heading\" data-id=\"e71a68c\" data-element_type=\"widget\" data-widget_type=\"heading.default\">\n\t\t\t\t<div class=\"elementor-widget-container\">\n\t\t\t<style>\/*! elementor - v3.6.7 - 03-07-2022 *\/\n.elementor-heading-title{padding:0;margin:0;line-height:1}.elementor-widget-heading .elementor-heading-title[class*=elementor-size-]>a{color:inherit;font-size:inherit;line-height:inherit}.elementor-widget-heading .elementor-heading-title.elementor-size-small{font-size:15px}.elementor-widget-heading .elementor-heading-title.elementor-size-medium{font-size:19px}.elementor-widget-heading .elementor-heading-title.elementor-size-large{font-size:29px}.elementor-widget-heading .elementor-heading-title.elementor-size-xl{font-size:39px}.elementor-widget-heading .elementor-heading-title.elementor-size-xxl{font-size:59px}<\/style><h2 class=\"elementor-heading-title elementor-size-large\">Wellness & SPA<\/h2>\t\t<\/div>\n\t\t\t\t<\/div>\n\t\t\t\t\t<\/div>\n\t\t<\/div>\n\t\t\t\t\t\t\t<\/div>\n\t\t<\/section>\n\t\t\t\t<section class=\"elementor-section elementor-top-section elementor-element elementor-element-14ebc94 elementor-section-boxed elementor-section-height-default elementor-section-height-default\" data-id=\"14ebc94\" data-element_type=\"section\">\n\t\t\t\t\t\t<div class=\"elementor-container elementor-column-gap-default\">\n\t\t\t\t\t<div class=\"elementor-column elementor-col-100 elementor-top-column elementor-element elementor-element-59be776\" data-id=\"59be776\" data-element_type=\"column\">\n\t\t\t<div class=\"elementor-widget-wrap elementor-element-populated\">\n\t\t\t\t\t\t\t\t<div class=\"elementor-element elementor-element-7285b03 elementor-widget elementor-widget-text-editor\" data-id=\"7285b03\" data-element_type=\"widget\" data-widget_type=\"text-editor.default\">\n\t\t\t\t<div class=\"elementor-widget-container\">\n\t\t\t<style>\/*! elementor - v3.6.7 - 03-07-2022 *\/\n.elementor-widget-text-editor.elementor-drop-cap-view-stacked .elementor-drop-cap{background-color:#818a91;color:#fff}.elementor-widget-text-editor.elementor-drop-cap-view-framed .elementor-drop-cap{color:#818a91;border:3px solid;background-color:transparent}.elementor-widget-text-editor:not(.elementor-drop-cap-view-default) .elementor-drop-cap{margin-top:8px}.elementor-widget-text-editor:not(.elementor-drop-cap-view-default) .elementor-drop-cap-letter{width:1em;height:1em}.elementor-widget-text-editor .elementor-drop-cap{float:left;text-align:center;line-height:1;font-size:50px}.elementor-widget-text-editor .elementor-drop-cap-letter{display:inline-block}<\/style>\t\t\t\t<p style=\"text-align: center;\"><span style=\"color: #333333;\"><b>Oase der Ruhe und Erholung<\/b><\/span><\/p><p><span style=\"color: #333333;\">Es gibt jemanden, der hat Zutrittsverbot zur Saunawelt: Ihr Alltag. Streifen Sie ihn ab, denn der ist hier unerw\u00fcnscht. Augen schlie\u00dfen, tief einatmen, die Poren langsam \u00f6ffnen und die wohltuende Hitze ihre Arbeit tun lassen.<\/span><\/p><p><span style=\"color: #333333;\">In der weitl\u00e4ufigen Saunawelt des Hotels betritt man unvermittelt eine v\u00f6llig andere Sph\u00e4re. Es ist angenehm ruhig, Wasser pl\u00e4tschert, das Licht ist ged\u00e4mpft. W\u00e4hrend eines kleinen Spaziergangs durch die Erholungsoase entscheiden Sie, auf welche der Saunen, Dampfb\u00e4der oder andere einladende Orte wie die Infrarotkabine Sie gerade Lust haben. Warmes Holz ist ein verl\u00e4sslicher Entspannungsfaktor, t\u00e4gliche Aufg\u00fcsse, verschiedene Aromen und Peelings sind Balsam f\u00fcr K\u00f6rper und Seele.<\/span><\/p>\t\t\t\t\t\t<\/div>\n\t\t\t\t<\/div>\n\t\t\t\t\t<\/div>\n\t\t<\/div>\n\t\t\t\t\t\t\t<\/div>\n\t\t<\/section>\n\t\t\t\t<section class=\"elementor-section elementor-top-section elementor-element elementor-element-1af05d1 elementor-section-boxed elementor-section-height-default elementor-section-height-default\" data-id=\"1af05d1\" data-element_type=\"section\">\n\t\t\t\t\t\t<div class=\"elementor-container elementor-column-gap-default\">\n\t\t\t\t\t<div class=\"elementor-column elementor-col-100 elementor-top-column elementor-element elementor-element-0647325\" data-id=\"0647325\" data-element_type=\"column\">\n\t\t\t<div class=\"elementor-widget-wrap elementor-element-populated\">\n\t\t\t\t\t\t\t\t<div class=\"elementor-element elementor-element-a5bfb3d elementor-widget elementor-widget-text-editor\" data-id=\"a5bfb3d\" data-element_type=\"widget\" data-widget_type=\"text-editor.default\">\n\t\t\t\t<div class=\"elementor-widget-container\">\n\t\t\t\t\t\t\t<p style=\"text-align: center;\"><strong>Ihre Erlebnisse und Angebote perfekt kommuniziert und buchbar gemacht? Mit unserem Partner Giggle.Tips wird das perfekt gel\u00f6st. Hier sehen sie eine Demo davon &#8211; gerne ausprobieren!<\/strong><\/p>\t\t\t\t\t\t<\/div>\n\t\t\t\t<\/div>\n\t\t\t\t<div class=\"elementor-element elementor-element-b6a094b elementor-widget elementor-widget-html\" data-id=\"b6a094b\" data-element_type=\"widget\" data-widget_type=\"html.default\">\n\t\t\t\t<div class=\"elementor-widget-container\">\n\t\t\t<div id=\"gt1\" style=\"display:block; width:100%; transform: scale(0.8); \n    transform-origin: 0 0;\" onload=\"resizeIframe(this);\"><\/div>\n<script viewport src=\"https:\/\/widget.giggle.tips\/widget.js?id=gt1&path=giggletips&width=125%&fontCol=#C3AE9C&btCol=#C3AE9C&font=Roboto&lang=de&streams=cfd5581d-8bcb-404b-9b36-fe5823ed34e6\">\n<\/script>\n<script>\n      function resizeIframe(obj) {\n    obj.style.height = window.innerHeight + 'px';\n  }\n<\/script>\n\t\t<\/div>\n\t\t\t\t<\/div>\n\t\t\t\t\t<\/div>\n\t\t<\/div>\n\t\t\t\t\t\t\t<\/div>\n\t\t<\/section>\n\t\t\t\t\t\t\t<\/div>\n\t\t","protected":false},"excerpt":{"rendered":"<p>Wellness &#038; SPA Oase der Ruhe und Erholung Es gibt jemanden, der hat Zutrittsverbot zur Saunawelt: Ihr Alltag. Streifen Sie ihn ab, denn der ist hier unerw\u00fcnscht. Augen schlie\u00dfen, tief einatmen, die Poren langsam \u00f6ffnen und die wohltuende Hitze ihre Arbeit tun lassen. In der weitl\u00e4ufigen Saunawelt des Hotels betritt man unvermittelt eine v\u00f6llig andere [&hellip;]<\/p>\n","protected":false},"author":3,"featured_media":0,"parent":0,"menu_order":0,"comment_status":"closed","ping_status":"closed","template":"","meta":{"inline_featured_image":false},"_links":{"self":[{"href":"https:\/\/web.hotelmediaservice.com\/tuxerhof\/wp-json\/wp\/v2\/pages\/1470"}],"collection":[{"href":"https:\/\/web.hotelmediaservice.com\/tuxerhof\/wp-json\/wp\/v2\/pages"}],"about":[{"href":"https:\/\/web.hotelmediaservice.com\/tuxerhof\/wp-json\/wp\/v2\/types\/page"}],"author":[{"embeddable":true,"href":"https:\/\/web.hotelmediaservice.com\/tuxerhof\/wp-json\/wp\/v2\/users\/3"}],"replies":[{"embeddable":true,"href":"https:\/\/web.hotelmediaservice.com\/tuxerhof\/wp-json\/wp\/v2\/comments?post=1470"}],"version-history":[{"count":70,"href":"https:\/\/web.hotelmediaservice.com\/tuxerhof\/wp-json\/wp\/v2\/pages\/1470\/revisions"}],"predecessor-version":[{"id":2354,"href":"https:\/\/web.hotelmediaservice.com\/tuxerhof\/wp-json\/wp\/v2\/pages\/1470\/revisions\/2354"}],"wp:attachment":[{"href":"https:\/\/web.hotelmediaservice.com\/tuxerhof\/wp-json\/wp\/v2\/media?parent=1470"}],"curies":[{"name":"wp","href":"https:\/\/api.w.org\/{rel}","templated":true}]}}