{"id":1155,"date":"2022-09-08T11:30:25","date_gmt":"2022-09-08T09:30:25","guid":{"rendered":"https:\/\/web.hotelmediaservice.com\/tuxerhof\/?page_id=1155"},"modified":"2022-09-17T09:37:26","modified_gmt":"2022-09-17T07:37:26","slug":"fruehstuecksbuffet","status":"publish","type":"page","link":"https:\/\/web.hotelmediaservice.com\/tuxerhof\/fruehstuecksbuffet\/","title":{"rendered":"Kulinarik &#8211; Fr\u00fchst\u00fccksbuffet"},"content":{"rendered":"\t\t<div data-elementor-type=\"wp-page\" data-elementor-id=\"1155\" class=\"elementor elementor-1155\">\n\t\t\t\t\t\t\t\t\t<section class=\"elementor-section elementor-top-section elementor-element elementor-element-f931d15 elementor-section-boxed elementor-section-height-default elementor-section-height-default\" data-id=\"f931d15\" data-element_type=\"section\">\n\t\t\t\t\t\t<div class=\"elementor-container elementor-column-gap-default\">\n\t\t\t\t\t<div class=\"elementor-column elementor-col-50 elementor-top-column elementor-element elementor-element-f6c9497\" data-id=\"f6c9497\" data-element_type=\"column\">\n\t\t\t<div class=\"elementor-widget-wrap elementor-element-populated\">\n\t\t\t\t\t\t\t\t<div class=\"elementor-element elementor-element-22fe945 elementor-align-left elementor-widget elementor-widget-button\" data-id=\"22fe945\" data-element_type=\"widget\" data-widget_type=\"button.default\">\n\t\t\t\t<div class=\"elementor-widget-container\">\n\t\t\t\t\t<div class=\"elementor-button-wrapper\">\n\t\t\t<a href=\"\/tuxerhof\/kulinarik-main\/\" class=\"elementor-button-link elementor-button elementor-size-md\" role=\"button\">\n\t\t\t\t\t\t<span class=\"elementor-button-content-wrapper\">\n\t\t\t\t\t\t\t<span class=\"elementor-button-icon elementor-align-icon-left\">\n\t\t\t\t<i aria-hidden=\"true\" class=\"far fa-caret-square-left\"><\/i>\t\t\t<\/span>\n\t\t\t\t\t\t<span class=\"elementor-button-text\"><\/span>\n\t\t<\/span>\n\t\t\t\t\t<\/a>\n\t\t<\/div>\n\t\t\t\t<\/div>\n\t\t\t\t<\/div>\n\t\t\t\t\t<\/div>\n\t\t<\/div>\n\t\t\t\t<div class=\"elementor-column elementor-col-50 elementor-top-column elementor-element elementor-element-4856cb3\" data-id=\"4856cb3\" data-element_type=\"column\">\n\t\t\t<div class=\"elementor-widget-wrap elementor-element-populated\">\n\t\t\t\t\t\t\t\t<div class=\"elementor-element elementor-element-8f548dc elementor-widget elementor-widget-heading\" data-id=\"8f548dc\" data-element_type=\"widget\" data-widget_type=\"heading.default\">\n\t\t\t\t<div class=\"elementor-widget-container\">\n\t\t\t<style>\/*! elementor - v3.6.7 - 03-07-2022 *\/\n.elementor-heading-title{padding:0;margin:0;line-height:1}.elementor-widget-heading .elementor-heading-title[class*=elementor-size-]>a{color:inherit;font-size:inherit;line-height:inherit}.elementor-widget-heading .elementor-heading-title.elementor-size-small{font-size:15px}.elementor-widget-heading .elementor-heading-title.elementor-size-medium{font-size:19px}.elementor-widget-heading .elementor-heading-title.elementor-size-large{font-size:29px}.elementor-widget-heading .elementor-heading-title.elementor-size-xl{font-size:39px}.elementor-widget-heading .elementor-heading-title.elementor-size-xxl{font-size:59px}<\/style><h2 class=\"elementor-heading-title elementor-size-large\">Fr\u00fchst\u00fccksbuffet<\/h2>\t\t<\/div>\n\t\t\t\t<\/div>\n\t\t\t\t\t<\/div>\n\t\t<\/div>\n\t\t\t\t\t\t\t<\/div>\n\t\t<\/section>\n\t\t\t\t<section class=\"elementor-section elementor-top-section elementor-element elementor-element-14b6360 elementor-section-boxed elementor-section-height-default elementor-section-height-default\" data-id=\"14b6360\" data-element_type=\"section\">\n\t\t\t\t\t\t<div class=\"elementor-container elementor-column-gap-default\">\n\t\t\t\t\t<div class=\"elementor-column elementor-col-100 elementor-top-column elementor-element elementor-element-b4d8103\" data-id=\"b4d8103\" data-element_type=\"column\">\n\t\t\t<div class=\"elementor-widget-wrap elementor-element-populated\">\n\t\t\t\t\t\t\t\t<div class=\"elementor-element elementor-element-097d50e elementor-widget elementor-widget-text-editor\" data-id=\"097d50e\" data-element_type=\"widget\" data-widget_type=\"text-editor.default\">\n\t\t\t\t<div class=\"elementor-widget-container\">\n\t\t\t<style>\/*! elementor - v3.6.7 - 03-07-2022 *\/\n.elementor-widget-text-editor.elementor-drop-cap-view-stacked .elementor-drop-cap{background-color:#818a91;color:#fff}.elementor-widget-text-editor.elementor-drop-cap-view-framed .elementor-drop-cap{color:#818a91;border:3px solid;background-color:transparent}.elementor-widget-text-editor:not(.elementor-drop-cap-view-default) .elementor-drop-cap{margin-top:8px}.elementor-widget-text-editor:not(.elementor-drop-cap-view-default) .elementor-drop-cap-letter{width:1em;height:1em}.elementor-widget-text-editor .elementor-drop-cap{float:left;text-align:center;line-height:1;font-size:50px}.elementor-widget-text-editor .elementor-drop-cap-letter{display:inline-block}<\/style>\t\t\t\t<p><span style=\"font-weight: bold; color: #333333; font-family: var( --e-global-typography-text-font-family ), Sans-serif; background-color: var( --e-global-color-a485f80 ); font-size: 1rem;\">Ein echter Wow-Effekt beginnt am Morgen<\/span><\/p><p><span style=\"color: #333333;\">Das Fr\u00fchst\u00fcck im Tuxerhof ist mehr als blo\u00df eine \u201eSt\u00e4rkung f\u00fcr den Tag\u201d.<\/span><br \/><span style=\"color: #333333;\">Es ist die t\u00e4gliche Er\u00f6ffnung des nicht abrei\u00dfen wollenden kulinarischen Verw\u00f6hnprogramms. \u00dcbrigens: Fr\u00fchst\u00fccksk\u00f6chin Jelena zaubert Ihnen die besten Fr\u00fchst\u00fcckseier in allen erdenklichen Varianten.<\/span><\/p>\t\t\t\t\t\t<\/div>\n\t\t\t\t<\/div>\n\t\t\t\t<section class=\"elementor-section elementor-inner-section elementor-element elementor-element-4961c88 elementor-section-boxed elementor-section-height-default elementor-section-height-default\" data-id=\"4961c88\" data-element_type=\"section\">\n\t\t\t\t\t\t<div class=\"elementor-container elementor-column-gap-default\">\n\t\t\t\t\t<div class=\"elementor-column elementor-col-50 elementor-inner-column elementor-element elementor-element-edd1521\" data-id=\"edd1521\" data-element_type=\"column\">\n\t\t\t<div class=\"elementor-widget-wrap elementor-element-populated\">\n\t\t\t\t\t\t\t\t<div class=\"elementor-element elementor-element-748670f elementor-widget elementor-widget-text-editor\" data-id=\"748670f\" data-element_type=\"widget\" data-widget_type=\"text-editor.default\">\n\t\t\t\t<div class=\"elementor-widget-container\">\n\t\t\t\t\t\t\t<p><span style=\"color: #333333; font-family: var( --e-global-typography-text-font-family ), Sans-serif; font-weight: var( --e-global-typography-text-font-weight ); background-color: var( --e-global-color-a485f80 ); font-size: 1rem;\">von 7.30 Uhr bis 10.30 Uhr<\/span><\/p><p><span style=\"color: #333333;\"><u>Unsere Fr\u00fchst\u00fccks-Highlights:<\/u><\/span><br \/><span style=\"color: #333333;\">&#8211; Frische Fr\u00fcchte &amp; Fruchts\u00e4fte<\/span><br \/><span style=\"color: #333333;\">&#8211; Frisch gepresster Orangensaft<\/span><br \/><span style=\"color: #333333;\">&#8211; Gesundheitsecke<\/span><br \/><span style=\"color: #333333;\">&#8211; Gluten- &amp; laktosefreie Produkte<\/span><br \/><span style=\"color: #333333;\">&#8211; Zillertaler Heumilch- &amp; K\u00e4sespezialit\u00e4ten<\/span><br \/><span style=\"color: #333333;\">&#8211; Warmes Ingwerwasser<\/span><br \/><span style=\"color: #333333;\">&#8211; In der Schau-K\u00fcche live zubereitete Eierspeisen<\/span><br \/><span style=\"color: #333333;\">&#8211; Erlesene Selektion hochwertiger Bio-Tees<\/span><br \/><span style=\"color: #333333;\">&#8211; T\u00e4glich abwechselnd: Pancakes, Wei\u00dfw\u00fcrste, Milchreis, uvm.<\/span><\/p>\t\t\t\t\t\t<\/div>\n\t\t\t\t<\/div>\n\t\t\t\t\t<\/div>\n\t\t<\/div>\n\t\t\t\t<div class=\"elementor-column elementor-col-50 elementor-inner-column elementor-element elementor-element-248ea10\" data-id=\"248ea10\" data-element_type=\"column\">\n\t\t\t<div class=\"elementor-widget-wrap elementor-element-populated\">\n\t\t\t\t\t\t\t\t<div class=\"elementor-element elementor-element-596f810 elementor-widget elementor-widget-image\" data-id=\"596f810\" data-element_type=\"widget\" data-widget_type=\"image.default\">\n\t\t\t\t<div class=\"elementor-widget-container\">\n\t\t\t<style>\/*! elementor - v3.6.7 - 03-07-2022 *\/\n.elementor-widget-image{text-align:center}.elementor-widget-image a{display:inline-block}.elementor-widget-image a img[src$=\".svg\"]{width:48px}.elementor-widget-image img{vertical-align:middle;display:inline-block}<\/style>\t\t\t\t\t\t\t\t\t\t\t\t<img width=\"412\" height=\"491\" src=\"https:\/\/web.hotelmediaservice.com\/tuxerhof\/wp-content\/uploads\/sites\/13\/2022\/09\/Fru\u0308hstu\u0308ck1.jpg\" class=\"attachment-large size-large\" alt=\"\" loading=\"lazy\" srcset=\"https:\/\/web.hotelmediaservice.com\/tuxerhof\/wp-content\/uploads\/sites\/13\/2022\/09\/Fru\u0308hstu\u0308ck1.jpg 412w, https:\/\/web.hotelmediaservice.com\/tuxerhof\/wp-content\/uploads\/sites\/13\/2022\/09\/Fru\u0308hstu\u0308ck1-252x300.jpg 252w\" sizes=\"(max-width: 412px) 100vw, 412px\" \/>\t\t\t\t\t\t\t\t\t\t\t\t\t\t\t<\/div>\n\t\t\t\t<\/div>\n\t\t\t\t\t<\/div>\n\t\t<\/div>\n\t\t\t\t\t\t\t<\/div>\n\t\t<\/section>\n\t\t\t\t\t<\/div>\n\t\t<\/div>\n\t\t\t\t\t\t\t<\/div>\n\t\t<\/section>\n\t\t\t\t\t\t\t<\/div>\n\t\t","protected":false},"excerpt":{"rendered":"<p>Fr\u00fchst\u00fccksbuffet Ein echter Wow-Effekt beginnt am Morgen Das Fr\u00fchst\u00fcck im Tuxerhof ist mehr als blo\u00df eine \u201eSt\u00e4rkung f\u00fcr den Tag\u201d.Es ist die t\u00e4gliche Er\u00f6ffnung des nicht abrei\u00dfen wollenden kulinarischen Verw\u00f6hnprogramms. \u00dcbrigens: Fr\u00fchst\u00fccksk\u00f6chin Jelena zaubert Ihnen die besten Fr\u00fchst\u00fcckseier in allen erdenklichen Varianten. von 7.30 Uhr bis 10.30 Uhr Unsere Fr\u00fchst\u00fccks-Highlights:&#8211; Frische Fr\u00fcchte &amp; Fruchts\u00e4fte&#8211; Frisch [&hellip;]<\/p>\n","protected":false},"author":3,"featured_media":0,"parent":0,"menu_order":0,"comment_status":"closed","ping_status":"closed","template":"","meta":{"inline_featured_image":false},"_links":{"self":[{"href":"https:\/\/web.hotelmediaservice.com\/tuxerhof\/wp-json\/wp\/v2\/pages\/1155"}],"collection":[{"href":"https:\/\/web.hotelmediaservice.com\/tuxerhof\/wp-json\/wp\/v2\/pages"}],"about":[{"href":"https:\/\/web.hotelmediaservice.com\/tuxerhof\/wp-json\/wp\/v2\/types\/page"}],"author":[{"embeddable":true,"href":"https:\/\/web.hotelmediaservice.com\/tuxerhof\/wp-json\/wp\/v2\/users\/3"}],"replies":[{"embeddable":true,"href":"https:\/\/web.hotelmediaservice.com\/tuxerhof\/wp-json\/wp\/v2\/comments?post=1155"}],"version-history":[{"count":13,"href":"https:\/\/web.hotelmediaservice.com\/tuxerhof\/wp-json\/wp\/v2\/pages\/1155\/revisions"}],"predecessor-version":[{"id":2237,"href":"https:\/\/web.hotelmediaservice.com\/tuxerhof\/wp-json\/wp\/v2\/pages\/1155\/revisions\/2237"}],"wp:attachment":[{"href":"https:\/\/web.hotelmediaservice.com\/tuxerhof\/wp-json\/wp\/v2\/media?parent=1155"}],"curies":[{"name":"wp","href":"https:\/\/api.w.org\/{rel}","templated":true}]}}