{"id":1152,"date":"2022-09-08T11:29:33","date_gmt":"2022-09-08T09:29:33","guid":{"rendered":"https:\/\/web.hotelmediaservice.com\/tuxerhof\/?page_id=1152"},"modified":"2022-09-17T09:34:29","modified_gmt":"2022-09-17T07:34:29","slug":"gourmetabendmenue","status":"publish","type":"page","link":"https:\/\/web.hotelmediaservice.com\/tuxerhof\/gourmetabendmenue\/","title":{"rendered":"Kulinarik &#8211; Gourmet Abendmen\u00fc"},"content":{"rendered":"\t\t<div data-elementor-type=\"wp-page\" data-elementor-id=\"1152\" class=\"elementor elementor-1152\">\n\t\t\t\t\t\t\t\t\t<section class=\"elementor-section elementor-top-section elementor-element elementor-element-5dead49 elementor-section-boxed elementor-section-height-default elementor-section-height-default\" data-id=\"5dead49\" data-element_type=\"section\">\n\t\t\t\t\t\t<div class=\"elementor-container elementor-column-gap-default\">\n\t\t\t\t\t<div class=\"elementor-column elementor-col-50 elementor-top-column elementor-element elementor-element-7f47572\" data-id=\"7f47572\" data-element_type=\"column\">\n\t\t\t<div class=\"elementor-widget-wrap elementor-element-populated\">\n\t\t\t\t\t\t\t\t<div class=\"elementor-element elementor-element-fe9d39b elementor-align-left elementor-widget elementor-widget-button\" data-id=\"fe9d39b\" data-element_type=\"widget\" data-widget_type=\"button.default\">\n\t\t\t\t<div class=\"elementor-widget-container\">\n\t\t\t\t\t<div class=\"elementor-button-wrapper\">\n\t\t\t<a href=\"\/tuxerhof\/kulinarik-main\/\" class=\"elementor-button-link elementor-button elementor-size-md\" role=\"button\">\n\t\t\t\t\t\t<span class=\"elementor-button-content-wrapper\">\n\t\t\t\t\t\t\t<span class=\"elementor-button-icon elementor-align-icon-left\">\n\t\t\t\t<i aria-hidden=\"true\" class=\"far fa-caret-square-left\"><\/i>\t\t\t<\/span>\n\t\t\t\t\t\t<span class=\"elementor-button-text\"><\/span>\n\t\t<\/span>\n\t\t\t\t\t<\/a>\n\t\t<\/div>\n\t\t\t\t<\/div>\n\t\t\t\t<\/div>\n\t\t\t\t\t<\/div>\n\t\t<\/div>\n\t\t\t\t<div class=\"elementor-column elementor-col-50 elementor-top-column elementor-element elementor-element-aab29e5\" data-id=\"aab29e5\" data-element_type=\"column\">\n\t\t\t<div class=\"elementor-widget-wrap elementor-element-populated\">\n\t\t\t\t\t\t\t\t<div class=\"elementor-element elementor-element-8e8d31b elementor-widget elementor-widget-heading\" data-id=\"8e8d31b\" data-element_type=\"widget\" data-widget_type=\"heading.default\">\n\t\t\t\t<div class=\"elementor-widget-container\">\n\t\t\t<style>\/*! elementor - v3.6.7 - 03-07-2022 *\/\n.elementor-heading-title{padding:0;margin:0;line-height:1}.elementor-widget-heading .elementor-heading-title[class*=elementor-size-]>a{color:inherit;font-size:inherit;line-height:inherit}.elementor-widget-heading .elementor-heading-title.elementor-size-small{font-size:15px}.elementor-widget-heading .elementor-heading-title.elementor-size-medium{font-size:19px}.elementor-widget-heading .elementor-heading-title.elementor-size-large{font-size:29px}.elementor-widget-heading .elementor-heading-title.elementor-size-xl{font-size:39px}.elementor-widget-heading .elementor-heading-title.elementor-size-xxl{font-size:59px}<\/style><h2 class=\"elementor-heading-title elementor-size-large\">Gourmet Abendmen\u00fc<\/h2>\t\t<\/div>\n\t\t\t\t<\/div>\n\t\t\t\t\t<\/div>\n\t\t<\/div>\n\t\t\t\t\t\t\t<\/div>\n\t\t<\/section>\n\t\t\t\t<section class=\"elementor-section elementor-top-section elementor-element elementor-element-14b6360 elementor-section-boxed elementor-section-height-default elementor-section-height-default\" data-id=\"14b6360\" data-element_type=\"section\">\n\t\t\t\t\t\t<div class=\"elementor-container elementor-column-gap-default\">\n\t\t\t\t\t<div class=\"elementor-column elementor-col-100 elementor-top-column elementor-element elementor-element-54326ec\" data-id=\"54326ec\" data-element_type=\"column\">\n\t\t\t<div class=\"elementor-widget-wrap elementor-element-populated\">\n\t\t\t\t\t\t\t\t<div class=\"elementor-element elementor-element-ab259b8 elementor-widget elementor-widget-text-editor\" data-id=\"ab259b8\" data-element_type=\"widget\" data-widget_type=\"text-editor.default\">\n\t\t\t\t<div class=\"elementor-widget-container\">\n\t\t\t<style>\/*! elementor - v3.6.7 - 03-07-2022 *\/\n.elementor-widget-text-editor.elementor-drop-cap-view-stacked .elementor-drop-cap{background-color:#818a91;color:#fff}.elementor-widget-text-editor.elementor-drop-cap-view-framed .elementor-drop-cap{color:#818a91;border:3px solid;background-color:transparent}.elementor-widget-text-editor:not(.elementor-drop-cap-view-default) .elementor-drop-cap{margin-top:8px}.elementor-widget-text-editor:not(.elementor-drop-cap-view-default) .elementor-drop-cap-letter{width:1em;height:1em}.elementor-widget-text-editor .elementor-drop-cap{float:left;text-align:center;line-height:1;font-size:50px}.elementor-widget-text-editor .elementor-drop-cap-letter{display:inline-block}<\/style>\t\t\t\t<p style=\"text-align: center;\"><span style=\"color: #333333;\"><b>Ein Dinner, das Ihnen ein L\u00e4cheln ins Gesicht zaubert<\/b><\/span><\/p><p><span style=\"color: #333333;\">Wir haben t\u00e4glich drei thematisierte Gourmetmen\u00fcs zur Wahl oder Sie stellen sich die Gerichte aus den Men\u00fcs individuell zusammen.<\/span><\/p>\t\t\t\t\t\t<\/div>\n\t\t\t\t<\/div>\n\t\t\t\t<section class=\"elementor-section elementor-inner-section elementor-element elementor-element-b2712e5 elementor-section-boxed elementor-section-height-default elementor-section-height-default\" data-id=\"b2712e5\" data-element_type=\"section\">\n\t\t\t\t\t\t<div class=\"elementor-container elementor-column-gap-default\">\n\t\t\t\t\t<div class=\"elementor-column elementor-col-33 elementor-inner-column elementor-element elementor-element-d7e6375\" data-id=\"d7e6375\" data-element_type=\"column\">\n\t\t\t<div class=\"elementor-widget-wrap elementor-element-populated\">\n\t\t\t\t\t\t\t\t<div class=\"elementor-element elementor-element-24bb107 elementor-widget elementor-widget-image\" data-id=\"24bb107\" data-element_type=\"widget\" data-widget_type=\"image.default\">\n\t\t\t\t<div class=\"elementor-widget-container\">\n\t\t\t<style>\/*! elementor - v3.6.7 - 03-07-2022 *\/\n.elementor-widget-image{text-align:center}.elementor-widget-image a{display:inline-block}.elementor-widget-image a img[src$=\".svg\"]{width:48px}.elementor-widget-image img{vertical-align:middle;display:inline-block}<\/style>\t\t\t\t\t\t\t\t\t\t\t\t<img width=\"800\" height=\"201\" src=\"https:\/\/web.hotelmediaservice.com\/tuxerhof\/wp-content\/uploads\/sites\/13\/2022\/09\/Alpin-1024x257.jpg\" class=\"attachment-large size-large\" alt=\"\" loading=\"lazy\" srcset=\"https:\/\/web.hotelmediaservice.com\/tuxerhof\/wp-content\/uploads\/sites\/13\/2022\/09\/Alpin-1024x257.jpg 1024w, https:\/\/web.hotelmediaservice.com\/tuxerhof\/wp-content\/uploads\/sites\/13\/2022\/09\/Alpin-300x75.jpg 300w, https:\/\/web.hotelmediaservice.com\/tuxerhof\/wp-content\/uploads\/sites\/13\/2022\/09\/Alpin-768x193.jpg 768w, https:\/\/web.hotelmediaservice.com\/tuxerhof\/wp-content\/uploads\/sites\/13\/2022\/09\/Alpin-1536x386.jpg 1536w, https:\/\/web.hotelmediaservice.com\/tuxerhof\/wp-content\/uploads\/sites\/13\/2022\/09\/Alpin.jpg 1895w\" sizes=\"(max-width: 800px) 100vw, 800px\" \/>\t\t\t\t\t\t\t\t\t\t\t\t\t\t\t<\/div>\n\t\t\t\t<\/div>\n\t\t\t\t<div class=\"elementor-element elementor-element-f70a76d elementor-widget elementor-widget-html\" data-id=\"f70a76d\" data-element_type=\"widget\" data-widget_type=\"html.default\">\n\t\t\t\t<div class=\"elementor-widget-container\">\n\t\t\t<script>\n  function resizeIframe(obj) {\n    obj.style.height = window.innerHeight + 'px';\n  }\n<\/script>\n\n<iframe src=\"https:\/\/news.hotelmediaservice.com\/api\/v1\/plugins\/web\/e04317c4-b323-bd94-dda9-96cab3b6715f\/bg_BG\" onload=\"resizeIframe(this);\"><\/iframe>\t\t<\/div>\n\t\t\t\t<\/div>\n\t\t\t\t\t<\/div>\n\t\t<\/div>\n\t\t\t\t<div class=\"elementor-column elementor-col-33 elementor-inner-column elementor-element elementor-element-81d979c\" data-id=\"81d979c\" data-element_type=\"column\">\n\t\t\t<div class=\"elementor-widget-wrap elementor-element-populated\">\n\t\t\t\t\t\t\t\t<div class=\"elementor-element elementor-element-0a8eb3b elementor-widget elementor-widget-image\" data-id=\"0a8eb3b\" data-element_type=\"widget\" data-widget_type=\"image.default\">\n\t\t\t\t<div class=\"elementor-widget-container\">\n\t\t\t\t\t\t\t\t\t\t\t\t\t\t\t<img width=\"800\" height=\"228\" src=\"https:\/\/web.hotelmediaservice.com\/tuxerhof\/wp-content\/uploads\/sites\/13\/2022\/09\/Abend-1024x292.jpg\" class=\"attachment-large size-large\" alt=\"\" loading=\"lazy\" srcset=\"https:\/\/web.hotelmediaservice.com\/tuxerhof\/wp-content\/uploads\/sites\/13\/2022\/09\/Abend-1024x292.jpg 1024w, https:\/\/web.hotelmediaservice.com\/tuxerhof\/wp-content\/uploads\/sites\/13\/2022\/09\/Abend-300x86.jpg 300w, https:\/\/web.hotelmediaservice.com\/tuxerhof\/wp-content\/uploads\/sites\/13\/2022\/09\/Abend-768x219.jpg 768w, https:\/\/web.hotelmediaservice.com\/tuxerhof\/wp-content\/uploads\/sites\/13\/2022\/09\/Abend-1536x439.jpg 1536w, https:\/\/web.hotelmediaservice.com\/tuxerhof\/wp-content\/uploads\/sites\/13\/2022\/09\/Abend-2048x585.jpg 2048w\" sizes=\"(max-width: 800px) 100vw, 800px\" \/>\t\t\t\t\t\t\t\t\t\t\t\t\t\t\t<\/div>\n\t\t\t\t<\/div>\n\t\t\t\t<div class=\"elementor-element elementor-element-3abb166 elementor-widget elementor-widget-html\" data-id=\"3abb166\" data-element_type=\"widget\" data-widget_type=\"html.default\">\n\t\t\t\t<div class=\"elementor-widget-container\">\n\t\t\t<script>\n  function resizeIframe(obj) {\n    obj.style.height = window.innerHeight + 'px';\n  }\n<\/script>\n\n<iframe src=\"https:\/\/news.hotelmediaservice.com\/api\/v1\/plugins\/web\/58b6ada5-ba27-a8f4-8533-d35babeb92f2\/bg_BG\" onload=\"resizeIframe(this);\"><\/iframe>\t\t<\/div>\n\t\t\t\t<\/div>\n\t\t\t\t\t<\/div>\n\t\t<\/div>\n\t\t\t\t<div class=\"elementor-column elementor-col-33 elementor-inner-column elementor-element elementor-element-14236ea\" data-id=\"14236ea\" data-element_type=\"column\">\n\t\t\t<div class=\"elementor-widget-wrap elementor-element-populated\">\n\t\t\t\t\t\t\t\t<div class=\"elementor-element elementor-element-a02efcb elementor-widget elementor-widget-image\" data-id=\"a02efcb\" data-element_type=\"widget\" data-widget_type=\"image.default\">\n\t\t\t\t<div class=\"elementor-widget-container\">\n\t\t\t\t\t\t\t\t\t\t\t\t\t\t\t<img width=\"800\" height=\"246\" src=\"https:\/\/web.hotelmediaservice.com\/tuxerhof\/wp-content\/uploads\/sites\/13\/2022\/09\/Vegi-1024x315.jpg\" class=\"attachment-large size-large\" alt=\"\" loading=\"lazy\" srcset=\"https:\/\/web.hotelmediaservice.com\/tuxerhof\/wp-content\/uploads\/sites\/13\/2022\/09\/Vegi-1024x315.jpg 1024w, https:\/\/web.hotelmediaservice.com\/tuxerhof\/wp-content\/uploads\/sites\/13\/2022\/09\/Vegi-300x92.jpg 300w, https:\/\/web.hotelmediaservice.com\/tuxerhof\/wp-content\/uploads\/sites\/13\/2022\/09\/Vegi-768x236.jpg 768w, https:\/\/web.hotelmediaservice.com\/tuxerhof\/wp-content\/uploads\/sites\/13\/2022\/09\/Vegi-1536x473.jpg 1536w, https:\/\/web.hotelmediaservice.com\/tuxerhof\/wp-content\/uploads\/sites\/13\/2022\/09\/Vegi.jpg 1745w\" sizes=\"(max-width: 800px) 100vw, 800px\" \/>\t\t\t\t\t\t\t\t\t\t\t\t\t\t\t<\/div>\n\t\t\t\t<\/div>\n\t\t\t\t<div class=\"elementor-element elementor-element-48f0662 elementor-widget elementor-widget-html\" data-id=\"48f0662\" data-element_type=\"widget\" data-widget_type=\"html.default\">\n\t\t\t\t<div class=\"elementor-widget-container\">\n\t\t\t<script>\n  function resizeIframe(obj) {\n    obj.style.height = window.innerHeight + 'px';\n  }\n<\/script>\n\n<iframe src=\"https:\/\/news.hotelmediaservice.com\/api\/v1\/plugins\/web\/148bc312-56af-0054-0146-a93b9885f792\/bg_BG\" onload=\"resizeIframe(this);\"><\/iframe>\t\t<\/div>\n\t\t\t\t<\/div>\n\t\t\t\t\t<\/div>\n\t\t<\/div>\n\t\t\t\t\t\t\t<\/div>\n\t\t<\/section>\n\t\t\t\t<div class=\"elementor-element elementor-element-47d4990 elementor-widget elementor-widget-text-editor\" data-id=\"47d4990\" data-element_type=\"widget\" data-widget_type=\"text-editor.default\">\n\t\t\t\t<div class=\"elementor-widget-container\">\n\t\t\t\t\t\t\t<p style=\"text-align: center;\"><span style=\"color: #333333;\"><strong>Unsere Empfehlung:<\/strong> Nehmen Sie sich viel Zeit f\u00fcrs Abendessen, um jeden Gang so richtig auszukosten!<\/span><\/p>\t\t\t\t\t\t<\/div>\n\t\t\t\t<\/div>\n\t\t\t\t<div class=\"elementor-element elementor-element-69ebfdc elementor-widget elementor-widget-button\" data-id=\"69ebfdc\" data-element_type=\"widget\" data-widget_type=\"button.default\">\n\t\t\t\t<div class=\"elementor-widget-container\">\n\t\t\t\t\t<div class=\"elementor-button-wrapper\">\n\t\t\t<a href=\"https:\/\/web.hotelmediaservice.com\/tuxerhof\/kulinarik-main\/\" class=\"elementor-button-link elementor-button elementor-size-xl\" role=\"button\">\n\t\t\t\t\t\t<span class=\"elementor-button-content-wrapper\">\n\t\t\t\t\t\t\t<span class=\"elementor-button-icon elementor-align-icon-left\">\n\t\t\t\t<i aria-hidden=\"true\" class=\"far fa-caret-square-left\"><\/i>\t\t\t<\/span>\n\t\t\t\t\t\t<span class=\"elementor-button-text\"><\/span>\n\t\t<\/span>\n\t\t\t\t\t<\/a>\n\t\t<\/div>\n\t\t\t\t<\/div>\n\t\t\t\t<\/div>\n\t\t\t\t\t<\/div>\n\t\t<\/div>\n\t\t\t\t\t\t\t<\/div>\n\t\t<\/section>\n\t\t\t\t\t\t\t<\/div>\n\t\t","protected":false},"excerpt":{"rendered":"<p>Gourmet Abendmen\u00fc Ein Dinner, das Ihnen ein L\u00e4cheln ins Gesicht zaubert Wir haben t\u00e4glich drei thematisierte Gourmetmen\u00fcs zur Wahl oder Sie stellen sich die Gerichte aus den Men\u00fcs individuell zusammen. Unsere Empfehlung: Nehmen Sie sich viel Zeit f\u00fcrs Abendessen, um jeden Gang so richtig auszukosten!<\/p>\n","protected":false},"author":3,"featured_media":0,"parent":0,"menu_order":0,"comment_status":"closed","ping_status":"closed","template":"","meta":{"inline_featured_image":false},"_links":{"self":[{"href":"https:\/\/web.hotelmediaservice.com\/tuxerhof\/wp-json\/wp\/v2\/pages\/1152"}],"collection":[{"href":"https:\/\/web.hotelmediaservice.com\/tuxerhof\/wp-json\/wp\/v2\/pages"}],"about":[{"href":"https:\/\/web.hotelmediaservice.com\/tuxerhof\/wp-json\/wp\/v2\/types\/page"}],"author":[{"embeddable":true,"href":"https:\/\/web.hotelmediaservice.com\/tuxerhof\/wp-json\/wp\/v2\/users\/3"}],"replies":[{"embeddable":true,"href":"https:\/\/web.hotelmediaservice.com\/tuxerhof\/wp-json\/wp\/v2\/comments?post=1152"}],"version-history":[{"count":49,"href":"https:\/\/web.hotelmediaservice.com\/tuxerhof\/wp-json\/wp\/v2\/pages\/1152\/revisions"}],"predecessor-version":[{"id":2228,"href":"https:\/\/web.hotelmediaservice.com\/tuxerhof\/wp-json\/wp\/v2\/pages\/1152\/revisions\/2228"}],"wp:attachment":[{"href":"https:\/\/web.hotelmediaservice.com\/tuxerhof\/wp-json\/wp\/v2\/media?parent=1152"}],"curies":[{"name":"wp","href":"https:\/\/api.w.org\/{rel}","templated":true}]}}